{"id":1185,"date":"2021-12-13T15:22:10","date_gmt":"2021-12-13T15:22:10","guid":{"rendered":"https:\/\/www.myextraenglish.com\/extraescolares"},"modified":"2024-04-23T15:51:44","modified_gmt":"2024-04-23T15:51:44","slug":"extraescolars","status":"publish","type":"page","link":"https:\/\/www.myextraenglish.com\/en\/extraescolars","title":{"rendered":"Extraescolars"},"content":{"rendered":"<p>[et_pb_section fb_built=&#8221;1&#8243; custom_padding_last_edited=&#8221;on|desktop&#8221; admin_label=&#8221;Header&#8221; _builder_version=&#8221;4.16&#8243; use_background_color_gradient=&#8221;on&#8221; background_color_gradient_direction=&#8221;90deg&#8221; background_color_gradient_stops=&#8221;rgba(41,112,166,0.4) 0%|rgba(41,112,166,0.4) 100%&#8221; background_color_gradient_overlays_image=&#8221;on&#8221; background_color_gradient_start=&#8221;rgba(41,112,166,0.4)&#8221; background_color_gradient_end=&#8221;rgba(41,112,166,0.4)&#8221; background_image=&#8221;https:\/\/www.myextraenglish.com\/wp-content\/uploads\/2021\/12\/books-school-desk-class.jpg&#8221; custom_padding=&#8221;70px||70px||true|false&#8221; custom_padding_tablet=&#8221;50px|0px|50px|0px|true|false&#8221; custom_padding_phone=&#8221;50px|0px|50px|0px|true|false&#8221; global_colors_info=&#8221;{}&#8221;][et_pb_row make_equal=&#8221;on&#8221; _builder_version=&#8221;4.16&#8243; max_width=&#8221;1280px&#8221; custom_padding=&#8221;0px||0px||true|&#8221; custom_css_main_element=&#8221;align-items: center;&#8221; use_custom_width=&#8221;on&#8221; custom_width_px=&#8221;1280px&#8221; global_colors_info=&#8221;{}&#8221;][et_pb_column type=&#8221;4_4&#8243; _builder_version=&#8221;4.16&#8243; custom_padding=&#8221;|||&#8221; global_colors_info=&#8221;{}&#8221; custom_padding__hover=&#8221;|||&#8221;][et_pb_text _builder_version=&#8221;4.16&#8243; text_font=&#8221;|600|||||||&#8221; text_text_color=&#8221;#000000&#8243; text_font_size=&#8221;18px&#8221; text_line_height=&#8221;1.8em&#8221; header_font=&#8221;EB Garamond||||||||&#8221; header_font_size=&#8221;60px&#8221; header_line_height=&#8221;1.3em&#8221; header_3_font=&#8221;EB Garamond|600|||||||&#8221; header_3_text_align=&#8221;center&#8221; header_3_text_color=&#8221;#FFFFFF&#8221; header_3_font_size=&#8221;40px&#8221; header_3_line_height=&#8221;38px&#8221; custom_margin=&#8221;||||false|false&#8221; text_font_size_tablet=&#8221;&#8221; text_font_size_phone=&#8221;17px&#8221; text_font_size_last_edited=&#8221;on|desktop&#8221; text_line_height_tablet=&#8221;&#8221; text_line_height_phone=&#8221;1.6em&#8221; text_line_height_last_edited=&#8221;on|phone&#8221; header_font_size_tablet=&#8221;50px&#8221; header_font_size_phone=&#8221;32px&#8221; header_font_size_last_edited=&#8221;on|phone&#8221; header_3_font_size_tablet=&#8221;38px&#8221; header_3_font_size_phone=&#8221;32px&#8221; header_3_font_size_last_edited=&#8221;on|desktop&#8221; global_colors_info=&#8221;{}&#8221;]<\/p>\n<h3>Excellent English Extraescolars<\/h3>\n<p>[\/et_pb_text][\/et_pb_column][\/et_pb_row][\/et_pb_section][et_pb_section fb_built=&#8221;1&#8243; module_id=&#8221;extraingles&#8221; _builder_version=&#8221;4.16&#8243; _module_preset=&#8221;default&#8221; custom_padding=&#8221;39px||39px||true|&#8221; global_colors_info=&#8221;{}&#8221;][et_pb_row _builder_version=&#8221;4.16&#8243; _module_preset=&#8221;default&#8221; custom_padding=&#8221;0px||20px|||&#8221; global_colors_info=&#8221;{}&#8221;][et_pb_column type=&#8221;4_4&#8243; _builder_version=&#8221;4.16&#8243; _module_preset=&#8221;default&#8221; global_colors_info=&#8221;{}&#8221;][et_pb_text _builder_version=&#8221;4.16&#8243; _module_preset=&#8221;default&#8221; header_2_font=&#8221;|600|||||||&#8221; header_2_text_align=&#8221;center&#8221; text_orientation=&#8221;center&#8221; global_colors_info=&#8221;{}&#8221;]<\/p>\n<h2> Communicative and fun English classes <\/h2>\n<p>At your school or highschool, at noon or in the afternoon[\/et_pb_text][et_pb_gallery gallery_ids=&#8221;680,681,682,683,684,685,686,687,696,697,698,699&#8243; posts_number=&#8221;12&#8243; orientation=&#8221;portrait&#8221; show_title_and_caption=&#8221;off&#8221; _builder_version=&#8221;4.20.2&#8243; _module_preset=&#8221;default&#8221; custom_margin=&#8221;||6px|||&#8221; locked=&#8221;off&#8221; global_colors_info=&#8221;{}&#8221;][\/et_pb_gallery][\/et_pb_column][\/et_pb_row][et_pb_row _builder_version=&#8221;4.16&#8243; _module_preset=&#8221;default&#8221; max_width=&#8221;720px&#8221; custom_padding=&#8221;0px|||||&#8221; global_colors_info=&#8221;{}&#8221;][et_pb_column type=&#8221;4_4&#8243; _builder_version=&#8221;4.16&#8243; _module_preset=&#8221;default&#8221; global_colors_info=&#8221;{}&#8221;][et_pb_video src=&#8221;https:\/\/www.myextraenglish.com\/wp-content\/uploads\/2021\/12\/my_extra_english_video_995.mp4&#8243; image_src=&#8221;https:\/\/www.myextraenglish.com\/wp-content\/uploads\/2021\/12\/videolayout-1.png&#8221; _builder_version=&#8221;4.16&#8243; _module_preset=&#8221;default&#8221; global_colors_info=&#8221;{}&#8221;][\/et_pb_video][\/et_pb_column][\/et_pb_row][et_pb_row _builder_version=&#8221;4.20.2&#8243; _module_preset=&#8221;default&#8221; custom_padding=&#8221;0px||0px|||&#8221; locked=&#8221;off&#8221;][et_pb_column _builder_version=&#8221;4.20.2&#8243; _module_preset=&#8221;default&#8221; type=&#8221;4_4&#8243;][et_pb_text _builder_version=&#8221;4.20.2&#8243; _module_preset=&#8221;default&#8221; header_2_font=&#8221;|600|||||||&#8221; header_2_text_align=&#8221;center&#8221; text_orientation=&#8221;center&#8221; hover_enabled=&#8221;0&#8243; global_colors_info=&#8221;{}&#8221; sticky_enabled=&#8221;0&#8243; locked=&#8221;off&#8221;]<\/p>\n<h2>Nuestras actividades<\/h2>\n<p>[\/et_pb_text][\/et_pb_column][\/et_pb_row][et_pb_row _builder_version=&#8221;4.20.2&#8243; _module_preset=&#8221;default&#8221; column_structure=&#8221;1_3,1_3,1_3&#8243; hover_enabled=&#8221;0&#8243; sticky_enabled=&#8221;0&#8243; custom_padding=&#8221;||0px|||&#8221; locked=&#8221;off&#8221;][et_pb_column _builder_version=&#8221;4.20.2&#8243; _module_preset=&#8221;default&#8221; type=&#8221;1_3&#8243;][et_pb_text _builder_version=&#8221;4.20.2&#8243; _module_preset=&#8221;default&#8221; text_font_size=&#8221;18px&#8221; text_font=&#8221;|600|||||||&#8221; text_text_color=&#8221;#438ccc&#8221; hover_enabled=&#8221;0&#8243; sticky_enabled=&#8221;0&#8243; custom_margin=&#8221;||7px|||&#8221;]Little English (I3 a I5)[\/et_pb_text][et_pb_text _builder_version=&#8221;4.20.2&#8243; _module_preset=&#8221;default&#8221; hover_enabled=&#8221;0&#8243; sticky_enabled=&#8221;0&#8243; text_font_size=&#8221;15px&#8221;]<\/p>\n<p>Communication exclusively in English and classes oriented towards fun and games as motivating elements for natural learning. My english makes the day that it is English the day that the children sell to school with the greatest enthusiasm!<\/p>\n<p>[\/et_pb_text][\/et_pb_column][et_pb_column _builder_version=&#8221;4.20.2&#8243; _module_preset=&#8221;default&#8221; type=&#8221;1_3&#8243;][et_pb_text _builder_version=&#8221;4.20.2&#8243; _module_preset=&#8221;default&#8221; text_font_size=&#8221;18px&#8221; text_font=&#8221;|600|||||||&#8221; text_text_color=&#8221;#438ccc&#8221; hover_enabled=&#8221;0&#8243; sticky_enabled=&#8221;0&#8243; custom_margin=&#8221;||7px|||&#8221;]<\/p>\n<p>Primary English (1P to 6P)<\/p>\n<p>[\/et_pb_text][et_pb_text _builder_version=&#8221;4.20.2&#8243; _module_preset=&#8221;default&#8221; hover_enabled=&#8221;0&#8243; sticky_enabled=&#8221;0&#8243; text_font_size=&#8221;15px&#8221;]<\/p>\n<p>&#8220;Primary English&#8221; offers primary school students to build a solid foundation with the language through a dynamic and motivating methodology. We take advantage of material to stimulate curiosity with images. We work with songs, stories, and play very much! We speak in English from the first day but enhance &#8220;speaking&#8221;<\/p>\n<p>[\/et_pb_text][\/et_pb_column][et_pb_column _builder_version=&#8221;4.20.2&#8243; _module_preset=&#8221;default&#8221; type=&#8221;1_3&#8243;][et_pb_text _builder_version=&#8221;4.20.2&#8243; _module_preset=&#8221;default&#8221; text_font_size=&#8221;18px&#8221; text_font=&#8221;|600|||||||&#8221; text_text_color=&#8221;#438ccc&#8221; hover_enabled=&#8221;0&#8243; sticky_enabled=&#8221;0&#8243; custom_margin=&#8221;||7px|||&#8221;]<\/p>\n<p>High School English (1 to 4 ESO)<\/p>\n<p>[\/et_pb_text][et_pb_text _builder_version=&#8221;4.20.2&#8243; _module_preset=&#8221;default&#8221; hover_enabled=&#8221;0&#8243; sticky_enabled=&#8221;0&#8243; text_font_size=&#8221;15px&#8221;]<\/p>\n<p>We teach English in a fun and engaging way, using excellent modern materials and dynamic teaching methods to motivate students to use the language. We focus on developing students&#8217; skills so they can use their English in real-world situations. The groups are small, so that students have the time and space to express themselves. During the course, students will work on group projects and presentations as well as individual study of the language.<\/p>\n<p>[\/et_pb_text][\/et_pb_column][\/et_pb_row][et_pb_row _builder_version=&#8221;4.20.2&#8243; _module_preset=&#8221;default&#8221; column_structure=&#8221;1_3,1_3,1_3&#8243; hover_enabled=&#8221;0&#8243; sticky_enabled=&#8221;0&#8243; custom_padding=&#8221;||0px|||&#8221; locked=&#8221;off&#8221;][et_pb_column _builder_version=&#8221;4.20.2&#8243; _module_preset=&#8221;default&#8221; type=&#8221;1_3&#8243;][et_pb_text _builder_version=&#8221;4.20.2&#8243; _module_preset=&#8221;default&#8221; text_font_size=&#8221;18px&#8221; text_font=&#8221;|600|||||||&#8221; text_text_color=&#8221;#438ccc&#8221; hover_enabled=&#8221;0&#8243; sticky_enabled=&#8221;0&#8243; custom_margin=&#8221;||7px|||&#8221;]My art club[\/et_pb_text][et_pb_text _builder_version=&#8221;4.20.2&#8243; _module_preset=&#8221;default&#8221; hover_enabled=&#8221;0&#8243; sticky_enabled=&#8221;0&#8243; text_font_size=&#8221;15px&#8221;]<\/p>\n<p>&#8220;My art club&#8221; offers a unique opportunity for the youngest members of the school to develop their creativity and learn English on time. Each time there is a different approach, with many materials and artists to enjoy.<\/p>\n<p>[\/et_pb_text][\/et_pb_column][et_pb_column _builder_version=&#8221;4.20.2&#8243; _module_preset=&#8221;default&#8221; type=&#8221;1_3&#8243;][et_pb_text _builder_version=&#8221;4.20.2&#8243; _module_preset=&#8221;default&#8221; text_font_size=&#8221;18px&#8221; text_font=&#8221;|600|||||||&#8221; text_text_color=&#8221;#438ccc&#8221; hover_enabled=&#8221;0&#8243; sticky_enabled=&#8221;0&#8243; custom_margin=&#8221;||7px|||&#8221;]My music club<br \/>\n[\/et_pb_text][et_pb_text _builder_version=&#8221;4.20.2&#8243; _module_preset=&#8221;default&#8221; hover_enabled=&#8221;0&#8243; sticky_enabled=&#8221;0&#8243; text_font_size=&#8221;15px&#8221;]<\/p>\n<p>Introduction to musical education for the little ones. We develop their psychomotor and creative skills in a playful environment through rhythms, songs, small instruments and dances. All while we encourage verbal communication in English between boys and girls.<\/p>\n<p>[\/et_pb_text][\/et_pb_column][et_pb_column _builder_version=&#8221;4.20.2&#8243; _module_preset=&#8221;default&#8221; type=&#8221;1_3&#8243;][et_pb_text _builder_version=&#8221;4.20.2&#8243; _module_preset=&#8221;default&#8221; text_font_size=&#8221;18px&#8221; text_font=&#8221;|600|||||||&#8221; text_text_color=&#8221;#438ccc&#8221; hover_enabled=&#8221;0&#8243; sticky_enabled=&#8221;0&#8243; custom_margin=&#8221;||7px|||&#8221;]My theatre club[\/et_pb_text][et_pb_text _builder_version=&#8221;4.20.2&#8243; _module_preset=&#8221;default&#8221; hover_enabled=&#8221;0&#8243; sticky_enabled=&#8221;0&#8243; text_font_size=&#8221;15px&#8221;]<\/p>\n<p>Through the funniest stories in English, we prepare an entire show with the most dynamic activity of my theater club! Participants will do all the preparation for a play each quarter, design the stage and costumes, rehearse working on their pronunciation and presentation skills in English, and above all, they will learn in a fun and unique way.<\/p>\n<p>[\/et_pb_text][\/et_pb_column][\/et_pb_row][\/et_pb_section][et_pb_section fb_built=&#8221;1&#8243; module_id=&#8221;extraarte&#8221; _builder_version=&#8221;4.16&#8243; _module_preset=&#8221;default&#8221; custom_padding=&#8221;0px||0px||true|&#8221; global_colors_info=&#8221;{}&#8221;][et_pb_row _builder_version=&#8221;4.16&#8243; _module_preset=&#8221;default&#8221; global_colors_info=&#8221;{}&#8221;][et_pb_column type=&#8221;4_4&#8243; _builder_version=&#8221;4.16&#8243; _module_preset=&#8221;default&#8221; global_colors_info=&#8221;{}&#8221;][et_pb_text _builder_version=&#8221;4.16&#8243; _module_preset=&#8221;default&#8221; text_font=&#8221;|700|||||||&#8221; text_orientation=&#8221;center&#8221; global_colors_info=&#8221;{}&#8221;]We carry out extraescolar activities in: Barcelona, \u200b\u200bHospitalet, Viladecans, Gav\u00e0, Sant Boi, Cornell\u00e0, El Prat, Rub\u00ed, Vilanova i la Geltr\u00fa, Sitges and Castelldefels.[\/et_pb_text][\/et_pb_column][\/et_pb_row][\/et_pb_section]<\/p>\n","protected":false},"excerpt":{"rendered":"<p>Excellent English Extraescolars Communicative and fun English classes At your school or highschool, at noon or in the afternoonNuestras actividadesLittle English (I3 a I5)Communication exclusively in English and classes oriented towards fun and games as motivating elements for natural learning. My english makes the day that it is English the day that the children sell [&hellip;]<\/p>\n","protected":false},"author":1,"featured_media":0,"parent":0,"menu_order":0,"comment_status":"closed","ping_status":"closed","template":"","meta":{"_et_pb_use_builder":"on","_et_pb_old_content":"","_et_gb_content_width":"","footnotes":""},"class_list":["post-1185","page","type-page","status-publish","hentry"],"yoast_head":"<!-- This site is optimized with the Yoast SEO plugin v27.2 - https:\/\/yoast.com\/product\/yoast-seo-wordpress\/ -->\n<title>Extraescolars - My Extra English<\/title>\n<meta name=\"robots\" content=\"index, follow, max-snippet:-1, max-image-preview:large, max-video-preview:-1\" \/>\n<link rel=\"canonical\" href=\"https:\/\/www.myextraenglish.com\/ca\/extraescolars\" \/>\n<meta property=\"og:locale\" content=\"en_US\" \/>\n<meta property=\"og:type\" content=\"article\" \/>\n<meta property=\"og:title\" content=\"Extraescolars - My Extra English\" \/>\n<meta property=\"og:description\" content=\"Excellent English Extraescolars Communicative and fun English classes At your school or highschool, at noon or in the afternoonNuestras actividadesLittle English (I3 a I5)Communication exclusively in English and classes oriented towards fun and games as motivating elements for natural learning. My english makes the day that it is English the day that the children sell [&hellip;]\" \/>\n<meta property=\"og:url\" content=\"https:\/\/www.myextraenglish.com\/ca\/extraescolars\" \/>\n<meta property=\"og:site_name\" content=\"My Extra English\" \/>\n<meta property=\"article:modified_time\" content=\"2024-04-23T15:51:44+00:00\" \/>\n<meta name=\"twitter:card\" content=\"summary_large_image\" \/>\n<meta name=\"twitter:label1\" content=\"Est. reading time\" \/>\n\t<meta name=\"twitter:data1\" content=\"7 minutes\" \/>\n<script type=\"application\/ld+json\" class=\"yoast-schema-graph\">{\"@context\":\"https:\/\/schema.org\",\"@graph\":[{\"@type\":\"WebPage\",\"@id\":\"https:\/\/www.myextraenglish.com\/ca\/extraescolars\",\"url\":\"https:\/\/www.myextraenglish.com\/ca\/extraescolars\",\"name\":\"Extraescolars - My Extra English\",\"isPartOf\":{\"@id\":\"https:\/\/www.myextraenglish.com\/#website\"},\"datePublished\":\"2021-12-13T15:22:10+00:00\",\"dateModified\":\"2024-04-23T15:51:44+00:00\",\"breadcrumb\":{\"@id\":\"https:\/\/www.myextraenglish.com\/ca\/extraescolars#breadcrumb\"},\"inLanguage\":\"en-US\",\"potentialAction\":[{\"@type\":\"ReadAction\",\"target\":[\"https:\/\/www.myextraenglish.com\/ca\/extraescolars\"]}]},{\"@type\":\"BreadcrumbList\",\"@id\":\"https:\/\/www.myextraenglish.com\/ca\/extraescolars#breadcrumb\",\"itemListElement\":[{\"@type\":\"ListItem\",\"position\":1,\"name\":\"Portada\",\"item\":\"https:\/\/www.myextraenglish.com\/\"},{\"@type\":\"ListItem\",\"position\":2,\"name\":\"Extraescolars\"}]},{\"@type\":\"WebSite\",\"@id\":\"https:\/\/www.myextraenglish.com\/#website\",\"url\":\"https:\/\/www.myextraenglish.com\/\",\"name\":\"My Extra English\",\"description\":\"\",\"potentialAction\":[{\"@type\":\"SearchAction\",\"target\":{\"@type\":\"EntryPoint\",\"urlTemplate\":\"https:\/\/www.myextraenglish.com\/?s={search_term_string}\"},\"query-input\":{\"@type\":\"PropertyValueSpecification\",\"valueRequired\":true,\"valueName\":\"search_term_string\"}}],\"inLanguage\":\"en-US\"}]}<\/script>\n<!-- \/ Yoast SEO plugin. -->","yoast_head_json":{"title":"Extraescolars - My Extra English","robots":{"index":"index","follow":"follow","max-snippet":"max-snippet:-1","max-image-preview":"max-image-preview:large","max-video-preview":"max-video-preview:-1"},"canonical":"https:\/\/www.myextraenglish.com\/ca\/extraescolars","og_locale":"en_US","og_type":"article","og_title":"Extraescolars - My Extra English","og_description":"Excellent English Extraescolars Communicative and fun English classes At your school or highschool, at noon or in the afternoonNuestras actividadesLittle English (I3 a I5)Communication exclusively in English and classes oriented towards fun and games as motivating elements for natural learning. My english makes the day that it is English the day that the children sell [&hellip;]","og_url":"https:\/\/www.myextraenglish.com\/ca\/extraescolars","og_site_name":"My Extra English","article_modified_time":"2024-04-23T15:51:44+00:00","twitter_card":"summary_large_image","twitter_misc":{"Est. reading time":"7 minutes"},"schema":{"@context":"https:\/\/schema.org","@graph":[{"@type":"WebPage","@id":"https:\/\/www.myextraenglish.com\/ca\/extraescolars","url":"https:\/\/www.myextraenglish.com\/ca\/extraescolars","name":"Extraescolars - My Extra English","isPartOf":{"@id":"https:\/\/www.myextraenglish.com\/#website"},"datePublished":"2021-12-13T15:22:10+00:00","dateModified":"2024-04-23T15:51:44+00:00","breadcrumb":{"@id":"https:\/\/www.myextraenglish.com\/ca\/extraescolars#breadcrumb"},"inLanguage":"en-US","potentialAction":[{"@type":"ReadAction","target":["https:\/\/www.myextraenglish.com\/ca\/extraescolars"]}]},{"@type":"BreadcrumbList","@id":"https:\/\/www.myextraenglish.com\/ca\/extraescolars#breadcrumb","itemListElement":[{"@type":"ListItem","position":1,"name":"Portada","item":"https:\/\/www.myextraenglish.com\/"},{"@type":"ListItem","position":2,"name":"Extraescolars"}]},{"@type":"WebSite","@id":"https:\/\/www.myextraenglish.com\/#website","url":"https:\/\/www.myextraenglish.com\/","name":"My Extra English","description":"","potentialAction":[{"@type":"SearchAction","target":{"@type":"EntryPoint","urlTemplate":"https:\/\/www.myextraenglish.com\/?s={search_term_string}"},"query-input":{"@type":"PropertyValueSpecification","valueRequired":true,"valueName":"search_term_string"}}],"inLanguage":"en-US"}]}},"_links":{"self":[{"href":"https:\/\/www.myextraenglish.com\/en\/wp-json\/wp\/v2\/pages\/1185","targetHints":{"allow":["GET"]}}],"collection":[{"href":"https:\/\/www.myextraenglish.com\/en\/wp-json\/wp\/v2\/pages"}],"about":[{"href":"https:\/\/www.myextraenglish.com\/en\/wp-json\/wp\/v2\/types\/page"}],"author":[{"embeddable":true,"href":"https:\/\/www.myextraenglish.com\/en\/wp-json\/wp\/v2\/users\/1"}],"replies":[{"embeddable":true,"href":"https:\/\/www.myextraenglish.com\/en\/wp-json\/wp\/v2\/comments?post=1185"}],"version-history":[{"count":9,"href":"https:\/\/www.myextraenglish.com\/en\/wp-json\/wp\/v2\/pages\/1185\/revisions"}],"predecessor-version":[{"id":1885,"href":"https:\/\/www.myextraenglish.com\/en\/wp-json\/wp\/v2\/pages\/1185\/revisions\/1885"}],"wp:attachment":[{"href":"https:\/\/www.myextraenglish.com\/en\/wp-json\/wp\/v2\/media?parent=1185"}],"curies":[{"name":"wp","href":"https:\/\/api.w.org\/{rel}","templated":true}]}}