{"id":1182,"date":"2021-12-13T15:22:10","date_gmt":"2021-12-13T15:22:10","guid":{"rendered":"https:\/\/www.myextraenglish.com\/extraescolares"},"modified":"2024-04-23T15:59:22","modified_gmt":"2024-04-23T15:59:22","slug":"extraescolars","status":"publish","type":"page","link":"https:\/\/www.myextraenglish.com\/ca\/extraescolars","title":{"rendered":"Extraescolars"},"content":{"rendered":"<p>[et_pb_section fb_built=&#8221;1&#8243; custom_padding_last_edited=&#8221;on|desktop&#8221; admin_label=&#8221;Header&#8221; _builder_version=&#8221;4.16&#8243; use_background_color_gradient=&#8221;on&#8221; background_color_gradient_direction=&#8221;90deg&#8221; background_color_gradient_stops=&#8221;rgba(41,112,166,0.4) 0%|rgba(41,112,166,0.4) 100%&#8221; background_color_gradient_overlays_image=&#8221;on&#8221; background_color_gradient_start=&#8221;rgba(41,112,166,0.4)&#8221; background_color_gradient_end=&#8221;rgba(41,112,166,0.4)&#8221; background_image=&#8221;https:\/\/www.myextraenglish.com\/wp-content\/uploads\/2021\/12\/books-school-desk-class.jpg&#8221; custom_padding=&#8221;70px||70px||true|false&#8221; custom_padding_tablet=&#8221;50px|0px|50px|0px|true|false&#8221; custom_padding_phone=&#8221;120px|||&#8221; global_colors_info=&#8221;{}&#8221;][et_pb_row make_equal=&#8221;on&#8221; _builder_version=&#8221;4.16&#8243; max_width=&#8221;1280px&#8221; custom_padding=&#8221;0px||0px||true|&#8221; custom_css_main_element=&#8221;align-items: center;&#8221; use_custom_width=&#8221;on&#8221; custom_width_px=&#8221;1280px&#8221; global_colors_info=&#8221;{}&#8221;][et_pb_column type=&#8221;4_4&#8243; _builder_version=&#8221;4.16&#8243; custom_padding=&#8221;|||&#8221; global_colors_info=&#8221;{}&#8221; custom_padding__hover=&#8221;|||&#8221;][et_pb_text _builder_version=&#8221;4.16&#8243; text_font=&#8221;|600|||||||&#8221; text_text_color=&#8221;#000000&#8243; text_font_size=&#8221;18px&#8221; text_line_height=&#8221;1.8em&#8221; header_font=&#8221;EB Garamond||||||||&#8221; header_font_size=&#8221;60px&#8221; header_line_height=&#8221;1.3em&#8221; header_3_font=&#8221;EB Garamond|600|||||||&#8221; header_3_text_align=&#8221;center&#8221; header_3_text_color=&#8221;#FFFFFF&#8221; header_3_font_size=&#8221;40px&#8221; header_3_line_height=&#8221;38px&#8221; custom_margin=&#8221;||||false|false&#8221; text_font_size_tablet=&#8221;&#8221; text_font_size_phone=&#8221;17px&#8221; text_font_size_last_edited=&#8221;on|desktop&#8221; text_line_height_tablet=&#8221;&#8221; text_line_height_phone=&#8221;1.6em&#8221; text_line_height_last_edited=&#8221;on|phone&#8221; header_font_size_tablet=&#8221;50px&#8221; header_font_size_phone=&#8221;32px&#8221; header_font_size_last_edited=&#8221;on|phone&#8221; header_3_font_size_tablet=&#8221;38px&#8221; header_3_font_size_phone=&#8221;32px&#8221; header_3_font_size_last_edited=&#8221;on|desktop&#8221; global_colors_info=&#8221;{}&#8221;]<\/p>\n<h3>Excellent English Extraescolars<\/h3>\n<p>[\/et_pb_text][\/et_pb_column][\/et_pb_row][\/et_pb_section][et_pb_section fb_built=&#8221;1&#8243; module_id=&#8221;extraingles&#8221; _builder_version=&#8221;4.16&#8243; _module_preset=&#8221;default&#8221; custom_padding=&#8221;39px||39px||true|&#8221; global_colors_info=&#8221;{}&#8221;][et_pb_row _builder_version=&#8221;4.16&#8243; _module_preset=&#8221;default&#8221; custom_padding=&#8221;0px||20px|||&#8221; global_colors_info=&#8221;{}&#8221;][et_pb_column type=&#8221;4_4&#8243; _builder_version=&#8221;4.16&#8243; _module_preset=&#8221;default&#8221; global_colors_info=&#8221;{}&#8221;][et_pb_text _builder_version=&#8221;4.16&#8243; _module_preset=&#8221;default&#8221; header_2_font=&#8221;|600|||||||&#8221; header_2_text_align=&#8221;center&#8221; text_orientation=&#8221;center&#8221; global_colors_info=&#8221;{}&#8221;]<\/p>\n<h2>Classes d&#8217;angl\u00e8s comunicatives i divertides<\/h2>\n<p>A la seva escola o institut, al migdia o a la tarda[\/et_pb_text][et_pb_gallery gallery_ids=&#8221;680,681,682,683,684,685,686,687,696,697,698,699&#8243; posts_number=&#8221;12&#8243; orientation=&#8221;portrait&#8221; show_title_and_caption=&#8221;off&#8221; _builder_version=&#8221;4.20.2&#8243; _module_preset=&#8221;default&#8221; custom_margin=&#8221;||6px|||&#8221; locked=&#8221;off&#8221; global_colors_info=&#8221;{}&#8221;][\/et_pb_gallery][\/et_pb_column][\/et_pb_row][et_pb_row _builder_version=&#8221;4.16&#8243; _module_preset=&#8221;default&#8221; max_width=&#8221;720px&#8221; custom_padding=&#8221;0px|||||&#8221; global_colors_info=&#8221;{}&#8221;][et_pb_column type=&#8221;4_4&#8243; _builder_version=&#8221;4.16&#8243; _module_preset=&#8221;default&#8221; global_colors_info=&#8221;{}&#8221;][et_pb_video src=&#8221;https:\/\/www.myextraenglish.com\/wp-content\/uploads\/2021\/12\/my_extra_english_video_995.mp4&#8243; image_src=&#8221;https:\/\/www.myextraenglish.com\/wp-content\/uploads\/2021\/12\/videolayout-1.png&#8221; _builder_version=&#8221;4.16&#8243; _module_preset=&#8221;default&#8221; global_colors_info=&#8221;{}&#8221;][\/et_pb_video][\/et_pb_column][\/et_pb_row][et_pb_row _builder_version=&#8221;4.20.2&#8243; _module_preset=&#8221;default&#8221; custom_padding=&#8221;0px||0px|||&#8221; locked=&#8221;off&#8221;][et_pb_column _builder_version=&#8221;4.20.2&#8243; _module_preset=&#8221;default&#8221; type=&#8221;4_4&#8243;][et_pb_text _builder_version=&#8221;4.20.2&#8243; _module_preset=&#8221;default&#8221; header_2_font=&#8221;|600|||||||&#8221; header_2_text_align=&#8221;center&#8221; text_orientation=&#8221;center&#8221; hover_enabled=&#8221;0&#8243; global_colors_info=&#8221;{}&#8221; sticky_enabled=&#8221;0&#8243; locked=&#8221;off&#8221;]<\/p>\n<h2>Nuestras actividades<\/h2>\n<p>[\/et_pb_text][\/et_pb_column][\/et_pb_row][et_pb_row _builder_version=&#8221;4.20.2&#8243; _module_preset=&#8221;default&#8221; column_structure=&#8221;1_3,1_3,1_3&#8243; hover_enabled=&#8221;0&#8243; sticky_enabled=&#8221;0&#8243; custom_padding=&#8221;||0px|||&#8221; locked=&#8221;off&#8221;][et_pb_column _builder_version=&#8221;4.20.2&#8243; _module_preset=&#8221;default&#8221; type=&#8221;1_3&#8243;][et_pb_text _builder_version=&#8221;4.20.2&#8243; _module_preset=&#8221;default&#8221; text_font_size=&#8221;18px&#8221; text_font=&#8221;|600|||||||&#8221; text_text_color=&#8221;#438ccc&#8221; hover_enabled=&#8221;0&#8243; sticky_enabled=&#8221;0&#8243; custom_margin=&#8221;||7px|||&#8221;]Little English (I3 a I5)[\/et_pb_text][et_pb_text _builder_version=&#8221;4.20.2&#8243; _module_preset=&#8221;default&#8221; hover_enabled=&#8221;0&#8243; sticky_enabled=&#8221;0&#8243; text_font_size=&#8221;15px&#8221;]<\/p>\n<p>Comunicaci\u00f3 exclusivament en angl\u00e8s i classes orientades a la diversi\u00f3 i el joc com a elements motivadors per a l&#8217;aprenentatge natural. My english aconsegueix que el dia que toca angl\u00e8s sigui el dia que els nens venen a escola amb m\u00e9s ganes!<\/p>\n<p>[\/et_pb_text][\/et_pb_column][et_pb_column _builder_version=&#8221;4.20.2&#8243; _module_preset=&#8221;default&#8221; type=&#8221;1_3&#8243;][et_pb_text _builder_version=&#8221;4.20.2&#8243; _module_preset=&#8221;default&#8221; text_font_size=&#8221;18px&#8221; text_font=&#8221;|600|||||||&#8221; text_text_color=&#8221;#438ccc&#8221; hover_enabled=&#8221;0&#8243; sticky_enabled=&#8221;0&#8243; custom_margin=&#8221;||7px|||&#8221;]Primary English (1P a 6P)[\/et_pb_text][et_pb_text _builder_version=&#8221;4.20.2&#8243; _module_preset=&#8221;default&#8221; hover_enabled=&#8221;0&#8243; sticky_enabled=&#8221;0&#8243; text_font_size=&#8221;15px&#8221;]<\/p>\n<p>&#8220;Primary English&#8221; ofereix als alumnes de prim\u00e0ria construir una base s\u00f2lida amb l&#8217;idioma mitjan\u00e7ant una metodologia din\u00e0mica i motivadora. Aprofitem material per estimular la curiositat amb imatges. Treballem amb can\u00e7ons, contes, i juguem molt! Parlem en angl\u00e8s des del primer dia per\u00f2 potenciar el \u201cspeaking\u201d<\/p>\n<p>[\/et_pb_text][\/et_pb_column][et_pb_column _builder_version=&#8221;4.20.2&#8243; _module_preset=&#8221;default&#8221; type=&#8221;1_3&#8243;][et_pb_text _builder_version=&#8221;4.20.2&#8243; _module_preset=&#8221;default&#8221; text_font_size=&#8221;18px&#8221; text_font=&#8221;|600|||||||&#8221; text_text_color=&#8221;#438ccc&#8221; hover_enabled=&#8221;0&#8243; sticky_enabled=&#8221;0&#8243; custom_margin=&#8221;||7px|||&#8221;]High School English (1 a 4 ESO)[\/et_pb_text][et_pb_text _builder_version=&#8221;4.20.2&#8243; _module_preset=&#8221;default&#8221; hover_enabled=&#8221;0&#8243; sticky_enabled=&#8221;0&#8243; text_font_size=&#8221;15px&#8221;]<\/p>\n<p>Ensenyem angl\u00e8s d&#8217;una forma divertida i atractiva, utilitzant excel\u00b7lents materials moderns i m\u00e8todes d&#8217;ensenyament din\u00e0mics per motivar els estudiants a utilitzar l&#8217;idioma. Ens enfoquem a desenvolupar les habilitats dels estudiants perqu\u00e8 puguin utilitzar el seu angl\u00e8s en situacions del m\u00f3n real. Els grups s\u00f3n redu\u00efts perqu\u00e8 els estudiants tinguin el temps i l&#8217;espai per expressar-se. Durant el curs, els alumnes treballaran en projectes i presentacions grupals aix\u00ed com a l&#8217;estudi individual de l&#8217;idioma.<\/p>\n<p>[\/et_pb_text][\/et_pb_column][\/et_pb_row][et_pb_row _builder_version=&#8221;4.20.2&#8243; _module_preset=&#8221;default&#8221; column_structure=&#8221;1_3,1_3,1_3&#8243; hover_enabled=&#8221;0&#8243; sticky_enabled=&#8221;0&#8243; custom_padding=&#8221;||0px|||&#8221; locked=&#8221;off&#8221;][et_pb_column _builder_version=&#8221;4.20.2&#8243; _module_preset=&#8221;default&#8221; type=&#8221;1_3&#8243;][et_pb_text _builder_version=&#8221;4.20.2&#8243; _module_preset=&#8221;default&#8221; text_font_size=&#8221;18px&#8221; text_font=&#8221;|600|||||||&#8221; text_text_color=&#8221;#438ccc&#8221; hover_enabled=&#8221;0&#8243; sticky_enabled=&#8221;0&#8243; custom_margin=&#8221;||7px|||&#8221;]My art club[\/et_pb_text][et_pb_text _builder_version=&#8221;4.20.2&#8243; _module_preset=&#8221;default&#8221; hover_enabled=&#8221;0&#8243; sticky_enabled=&#8221;0&#8243; text_font_size=&#8221;15px&#8221;]<\/p>\n<p>My art club ofereix una oportunitat \u00fanica als m\u00e9s petits de l&#8217;escola a desenvolupar la seva creativitat i aprendre angl\u00e8s a l&#8217;hora. Cada mes hi ha un enfocament diferent, amb molts materials i artistes per gaudir-ne.<\/p>\n<p>[\/et_pb_text][\/et_pb_column][et_pb_column _builder_version=&#8221;4.20.2&#8243; _module_preset=&#8221;default&#8221; type=&#8221;1_3&#8243;][et_pb_text _builder_version=&#8221;4.20.2&#8243; _module_preset=&#8221;default&#8221; text_font_size=&#8221;18px&#8221; text_font=&#8221;|600|||||||&#8221; text_text_color=&#8221;#438ccc&#8221; hover_enabled=&#8221;0&#8243; sticky_enabled=&#8221;0&#8243; custom_margin=&#8221;||7px|||&#8221;]My music club<br \/>\n[\/et_pb_text][et_pb_text _builder_version=&#8221;4.20.2&#8243; _module_preset=&#8221;default&#8221; hover_enabled=&#8221;0&#8243; sticky_enabled=&#8221;0&#8243; text_font_size=&#8221;15px&#8221;]<\/p>\n<p>Iniciaci\u00f3 a leducaci\u00f3 musical per als m\u00e9s petits. Desenvolupem les seves destreses psicomotores i creatives en un ambient l\u00fadic a trav\u00e9s de ritmes, can\u00e7ons, petits instruments i danses. Tot mentre fomentem la comunicaci\u00f3 verbal en angl\u00e8s entre els nens i les nenes.<\/p>\n<p>[\/et_pb_text][\/et_pb_column][et_pb_column _builder_version=&#8221;4.20.2&#8243; _module_preset=&#8221;default&#8221; type=&#8221;1_3&#8243;][et_pb_text _builder_version=&#8221;4.20.2&#8243; _module_preset=&#8221;default&#8221; text_font_size=&#8221;18px&#8221; text_font=&#8221;|600|||||||&#8221; text_text_color=&#8221;#438ccc&#8221; hover_enabled=&#8221;0&#8243; sticky_enabled=&#8221;0&#8243; custom_margin=&#8221;||7px|||&#8221;]My theatre club[\/et_pb_text][et_pb_text _builder_version=&#8221;4.20.2&#8243; _module_preset=&#8221;default&#8221; hover_enabled=&#8221;0&#8243; sticky_enabled=&#8221;0&#8243; text_font_size=&#8221;15px&#8221;]<\/p>\n<p>A trav\u00e9s dels contes m\u00e9s divertits en angl\u00e8s, preparem tot un espectacle amb l&#8217;activitat m\u00e9s din\u00e0mica del my theatre club! Els participants faran tota la preparaci\u00f3 d\u00b4una obra de teatre cada trimestre, dissenyaran l\u00b4escenari i la roba, assajaran treballant la seva pronunciaci\u00f3 i habilitats de presentaci\u00f3 en angl\u00e8s, i sobretot aprendran d\u00b4una forma divertida i \u00fanica.<\/p>\n<p>[\/et_pb_text][\/et_pb_column][\/et_pb_row][\/et_pb_section][et_pb_section fb_built=&#8221;1&#8243; module_id=&#8221;extraarte&#8221; _builder_version=&#8221;4.16&#8243; _module_preset=&#8221;default&#8221; custom_padding=&#8221;0px||0px||true|&#8221; global_colors_info=&#8221;{}&#8221;][et_pb_row _builder_version=&#8221;4.16&#8243; _module_preset=&#8221;default&#8221; global_colors_info=&#8221;{}&#8221;][et_pb_column type=&#8221;4_4&#8243; _builder_version=&#8221;4.16&#8243; _module_preset=&#8221;default&#8221; global_colors_info=&#8221;{}&#8221;][et_pb_text _builder_version=&#8221;4.16&#8243; _module_preset=&#8221;default&#8221; text_font=&#8221;|700|||||||&#8221; text_orientation=&#8221;center&#8221; global_colors_info=&#8221;{}&#8221;]<\/p>\n<p>Realitzem activitats extraescolars en: Barcelona, Hospitalet, Viladecans, Gav\u00e0, Sant Boi, Cornell\u00e0, El Prat, Rub\u00ed, Vilanova i la Geltr\u00fa, Sitges i Castelldefels.<\/p>\n<p>[\/et_pb_text][\/et_pb_column][\/et_pb_row][\/et_pb_section]<\/p>\n","protected":false},"excerpt":{"rendered":"<p>Excellent English ExtraescolarsClasses d&#8217;angl\u00e8s comunicatives i divertides A la seva escola o institut, al migdia o a la tardaNuestras actividadesLittle English (I3 a I5)Comunicaci\u00f3 exclusivament en angl\u00e8s i classes orientades a la diversi\u00f3 i el joc com a elements motivadors per a l&#8217;aprenentatge natural. My english aconsegueix que el dia que toca angl\u00e8s sigui el [&hellip;]<\/p>\n","protected":false},"author":1,"featured_media":0,"parent":0,"menu_order":0,"comment_status":"closed","ping_status":"closed","template":"","meta":{"_et_pb_use_builder":"on","_et_pb_old_content":"","_et_gb_content_width":"","footnotes":""},"class_list":["post-1182","page","type-page","status-publish","hentry"],"yoast_head":"<!-- This site is optimized with the Yoast SEO plugin v27.2 - https:\/\/yoast.com\/product\/yoast-seo-wordpress\/ -->\n<title>Extraescolars - My Extra English<\/title>\n<meta name=\"robots\" content=\"index, follow, max-snippet:-1, max-image-preview:large, max-video-preview:-1\" \/>\n<link rel=\"canonical\" href=\"https:\/\/www.myextraenglish.com\/en\/extraescolars\" \/>\n<meta property=\"og:locale\" content=\"ca_ES\" \/>\n<meta property=\"og:type\" content=\"article\" \/>\n<meta property=\"og:title\" content=\"Extraescolars - My Extra English\" \/>\n<meta property=\"og:description\" content=\"Excellent English ExtraescolarsClasses d&#039;angl\u00e8s comunicatives i divertides A la seva escola o institut, al migdia o a la tardaNuestras actividadesLittle English (I3 a I5)Comunicaci\u00f3 exclusivament en angl\u00e8s i classes orientades a la diversi\u00f3 i el joc com a elements motivadors per a l&#039;aprenentatge natural. My english aconsegueix que el dia que toca angl\u00e8s sigui el [&hellip;]\" \/>\n<meta property=\"og:url\" content=\"https:\/\/www.myextraenglish.com\/en\/extraescolars\" \/>\n<meta property=\"og:site_name\" content=\"My Extra English\" \/>\n<meta property=\"article:modified_time\" content=\"2024-04-23T15:59:22+00:00\" \/>\n<meta name=\"twitter:card\" content=\"summary_large_image\" \/>\n<meta name=\"twitter:label1\" content=\"Temps estimat de lectura\" \/>\n\t<meta name=\"twitter:data1\" content=\"7 minuts\" \/>\n<script type=\"application\/ld+json\" class=\"yoast-schema-graph\">{\"@context\":\"https:\/\/schema.org\",\"@graph\":[{\"@type\":\"WebPage\",\"@id\":\"https:\/\/www.myextraenglish.com\/en\/extraescolars\",\"url\":\"https:\/\/www.myextraenglish.com\/en\/extraescolars\",\"name\":\"Extraescolars - My Extra English\",\"isPartOf\":{\"@id\":\"https:\/\/www.myextraenglish.com\/#website\"},\"datePublished\":\"2021-12-13T15:22:10+00:00\",\"dateModified\":\"2024-04-23T15:59:22+00:00\",\"breadcrumb\":{\"@id\":\"https:\/\/www.myextraenglish.com\/en\/extraescolars#breadcrumb\"},\"inLanguage\":\"ca\",\"potentialAction\":[{\"@type\":\"ReadAction\",\"target\":[\"https:\/\/www.myextraenglish.com\/en\/extraescolars\"]}]},{\"@type\":\"BreadcrumbList\",\"@id\":\"https:\/\/www.myextraenglish.com\/en\/extraescolars#breadcrumb\",\"itemListElement\":[{\"@type\":\"ListItem\",\"position\":1,\"name\":\"Portada\",\"item\":\"https:\/\/www.myextraenglish.com\/\"},{\"@type\":\"ListItem\",\"position\":2,\"name\":\"Extraescolars\"}]},{\"@type\":\"WebSite\",\"@id\":\"https:\/\/www.myextraenglish.com\/#website\",\"url\":\"https:\/\/www.myextraenglish.com\/\",\"name\":\"My Extra English\",\"description\":\"\",\"potentialAction\":[{\"@type\":\"SearchAction\",\"target\":{\"@type\":\"EntryPoint\",\"urlTemplate\":\"https:\/\/www.myextraenglish.com\/?s={search_term_string}\"},\"query-input\":{\"@type\":\"PropertyValueSpecification\",\"valueRequired\":true,\"valueName\":\"search_term_string\"}}],\"inLanguage\":\"ca\"}]}<\/script>\n<!-- \/ Yoast SEO plugin. -->","yoast_head_json":{"title":"Extraescolars - My Extra English","robots":{"index":"index","follow":"follow","max-snippet":"max-snippet:-1","max-image-preview":"max-image-preview:large","max-video-preview":"max-video-preview:-1"},"canonical":"https:\/\/www.myextraenglish.com\/en\/extraescolars","og_locale":"ca_ES","og_type":"article","og_title":"Extraescolars - My Extra English","og_description":"Excellent English ExtraescolarsClasses d'angl\u00e8s comunicatives i divertides A la seva escola o institut, al migdia o a la tardaNuestras actividadesLittle English (I3 a I5)Comunicaci\u00f3 exclusivament en angl\u00e8s i classes orientades a la diversi\u00f3 i el joc com a elements motivadors per a l'aprenentatge natural. My english aconsegueix que el dia que toca angl\u00e8s sigui el [&hellip;]","og_url":"https:\/\/www.myextraenglish.com\/en\/extraescolars","og_site_name":"My Extra English","article_modified_time":"2024-04-23T15:59:22+00:00","twitter_card":"summary_large_image","twitter_misc":{"Temps estimat de lectura":"7 minuts"},"schema":{"@context":"https:\/\/schema.org","@graph":[{"@type":"WebPage","@id":"https:\/\/www.myextraenglish.com\/en\/extraescolars","url":"https:\/\/www.myextraenglish.com\/en\/extraescolars","name":"Extraescolars - My Extra English","isPartOf":{"@id":"https:\/\/www.myextraenglish.com\/#website"},"datePublished":"2021-12-13T15:22:10+00:00","dateModified":"2024-04-23T15:59:22+00:00","breadcrumb":{"@id":"https:\/\/www.myextraenglish.com\/en\/extraescolars#breadcrumb"},"inLanguage":"ca","potentialAction":[{"@type":"ReadAction","target":["https:\/\/www.myextraenglish.com\/en\/extraescolars"]}]},{"@type":"BreadcrumbList","@id":"https:\/\/www.myextraenglish.com\/en\/extraescolars#breadcrumb","itemListElement":[{"@type":"ListItem","position":1,"name":"Portada","item":"https:\/\/www.myextraenglish.com\/"},{"@type":"ListItem","position":2,"name":"Extraescolars"}]},{"@type":"WebSite","@id":"https:\/\/www.myextraenglish.com\/#website","url":"https:\/\/www.myextraenglish.com\/","name":"My Extra English","description":"","potentialAction":[{"@type":"SearchAction","target":{"@type":"EntryPoint","urlTemplate":"https:\/\/www.myextraenglish.com\/?s={search_term_string}"},"query-input":{"@type":"PropertyValueSpecification","valueRequired":true,"valueName":"search_term_string"}}],"inLanguage":"ca"}]}},"_links":{"self":[{"href":"https:\/\/www.myextraenglish.com\/ca\/wp-json\/wp\/v2\/pages\/1182","targetHints":{"allow":["GET"]}}],"collection":[{"href":"https:\/\/www.myextraenglish.com\/ca\/wp-json\/wp\/v2\/pages"}],"about":[{"href":"https:\/\/www.myextraenglish.com\/ca\/wp-json\/wp\/v2\/types\/page"}],"author":[{"embeddable":true,"href":"https:\/\/www.myextraenglish.com\/ca\/wp-json\/wp\/v2\/users\/1"}],"replies":[{"embeddable":true,"href":"https:\/\/www.myextraenglish.com\/ca\/wp-json\/wp\/v2\/comments?post=1182"}],"version-history":[{"count":8,"href":"https:\/\/www.myextraenglish.com\/ca\/wp-json\/wp\/v2\/pages\/1182\/revisions"}],"predecessor-version":[{"id":1884,"href":"https:\/\/www.myextraenglish.com\/ca\/wp-json\/wp\/v2\/pages\/1182\/revisions\/1884"}],"wp:attachment":[{"href":"https:\/\/www.myextraenglish.com\/ca\/wp-json\/wp\/v2\/media?parent=1182"}],"curies":[{"name":"wp","href":"https:\/\/api.w.org\/{rel}","templated":true}]}}